{"id":252,"date":"2020-05-05T10:28:52","date_gmt":"2020-05-05T08:28:52","guid":{"rendered":"http:\/\/hightec.ch\/wordpress\/?page_id=252"},"modified":"2020-11-24T14:53:01","modified_gmt":"2020-11-24T13:53:01","slug":"burn-in-and-test","status":"publish","type":"page","link":"https:\/\/hightec.ch\/de\/services\/burn-in-and-test\/","title":{"rendered":"Burn-In and Test"},"content":{"rendered":"<div data-elementor-type=\"wp-page\" data-elementor-id=\"252\" class=\"elementor elementor-252\" data-elementor-settings=\"[]\">\n\t\t\t\t\t\t<div class=\"elementor-inner\">\n\t\t\t\t\t\t\t<div class=\"elementor-section-wrap\">\n\t\t\t\t\t\t\t<section class=\"elementor-section elementor-top-section elementor-element elementor-element-6872991a elementor-section-boxed elementor-section-height-default elementor-section-height-default\" data-id=\"6872991a\" data-element_type=\"section\">\n\t\t\t\t\t\t<div class=\"elementor-container elementor-column-gap-default\">\n\t\t\t\t\t\t\t<div class=\"elementor-row\">\n\t\t\t\t\t<div class=\"elementor-column elementor-col-100 elementor-top-column elementor-element elementor-element-25f2c7c5\" data-id=\"25f2c7c5\" data-element_type=\"column\">\n\t\t\t<div class=\"elementor-column-wrap elementor-element-populated\">\n\t\t\t\t\t\t\t<div class=\"elementor-widget-wrap\">\n\t\t\t\t\t\t<div class=\"elementor-element elementor-element-144eca26 elementor-widget elementor-widget-heading\" data-id=\"144eca26\" data-element_type=\"widget\" data-widget_type=\"heading.default\">\n\t\t\t\t<div class=\"elementor-widget-container\">\n\t\t\t<h1 class=\"elementor-heading-title elementor-size-default\">Burn-In and Test<\/h1>\t\t<\/div>\n\t\t\t\t<\/div>\n\t\t\t\t<div class=\"elementor-element elementor-element-33ceab84 elementor-widget elementor-widget-text-editor\" data-id=\"33ceab84\" data-element_type=\"widget\" data-widget_type=\"text-editor.default\">\n\t\t\t\t<div class=\"elementor-widget-container\">\n\t\t\t\t\t<div class=\"elementor-text-editor elementor-clearfix\">Getestete Qualit\u00e4t<\/div>\n\t\t\t\t<\/div>\n\t\t\t\t<\/div>\n\t\t\t\t\t\t<\/div>\n\t\t\t\t\t<\/div>\n\t\t<\/div>\n\t\t\t\t\t\t\t\t<\/div>\n\t\t\t\t\t<\/div>\n\t\t<\/section>\n\t\t\t\t<section class=\"elementor-section elementor-top-section elementor-element elementor-element-c60c4fa elementor-section-boxed elementor-section-height-default elementor-section-height-default\" data-id=\"c60c4fa\" data-element_type=\"section\">\n\t\t\t\t\t\t<div class=\"elementor-container elementor-column-gap-default\">\n\t\t\t\t\t\t\t<div class=\"elementor-row\">\n\t\t\t\t\t<div class=\"elementor-column elementor-col-50 elementor-top-column elementor-element elementor-element-a60de7b\" data-id=\"a60de7b\" data-element_type=\"column\">\n\t\t\t<div class=\"elementor-column-wrap elementor-element-populated\">\n\t\t\t\t\t\t\t<div class=\"elementor-widget-wrap\">\n\t\t\t\t\t\t<div class=\"elementor-element elementor-element-4176e0a elementor-widget elementor-widget-text-editor\" data-id=\"4176e0a\" data-element_type=\"widget\" data-widget_type=\"text-editor.default\">\n\t\t\t\t<div class=\"elementor-widget-container\">\n\t\t\t\t\t<div class=\"elementor-text-editor elementor-clearfix\"><p>Gegebenenfalls m\u00fcssen die fertigen Produkte Qualit\u00e4ts-Zertifikate erhalten und auf Konformit\u00e4t mit den Kundenspezifikationen gepr\u00fcft werden. Flying-Probe-Tester und C-Tester in Verbindung mit optischer Inspektion erlauben es uns, elektrisch gepr\u00fcfte Schaltungen zu liefern.<br \/>Um Fr\u00fchausf\u00e4lle zu verhindern sind wir in der Lage, ein Screening - z.B. Burn-In-Tests, Temperatur-Schock-Tests und Beschleunigungs-Tests nach MIL-Norm (STD 883) - durchzuf\u00fchren.<\/p><\/div>\n\t\t\t\t<\/div>\n\t\t\t\t<\/div>\n\t\t\t\t\t\t<\/div>\n\t\t\t\t\t<\/div>\n\t\t<\/div>\n\t\t\t\t<div class=\"elementor-column elementor-col-50 elementor-top-column elementor-element elementor-element-b1ab9da\" data-id=\"b1ab9da\" data-element_type=\"column\">\n\t\t\t<div class=\"elementor-column-wrap elementor-element-populated\">\n\t\t\t\t\t\t\t<div class=\"elementor-widget-wrap\">\n\t\t\t\t\t\t<div class=\"elementor-element elementor-element-2e5e51b elementor-widget elementor-widget-image\" data-id=\"2e5e51b\" data-element_type=\"widget\" data-widget_type=\"image.default\">\n\t\t\t\t<div class=\"elementor-widget-container\">\n\t\t\t\t\t<div class=\"elementor-image\">\n\t\t\t\t\t\t\t\t\t\t<img width=\"800\" height=\"534\" src=\"https:\/\/hightec.ch\/wp-content\/uploads\/2020\/07\/Burn_In_And_Testing-1024x684.jpg\" class=\"attachment-large size-large\" alt=\"\" loading=\"lazy\" srcset=\"https:\/\/hightec.ch\/wp-content\/uploads\/2020\/07\/Burn_In_And_Testing-1024x684.jpg 1024w, https:\/\/hightec.ch\/wp-content\/uploads\/2020\/07\/Burn_In_And_Testing-300x200.jpg 300w, https:\/\/hightec.ch\/wp-content\/uploads\/2020\/07\/Burn_In_And_Testing-768x513.jpg 768w, https:\/\/hightec.ch\/wp-content\/uploads\/2020\/07\/Burn_In_And_Testing-1536x1026.jpg 1536w, https:\/\/hightec.ch\/wp-content\/uploads\/2020\/07\/Burn_In_And_Testing-2048x1368.jpg 2048w\" sizes=\"(max-width: 800px) 100vw, 800px\" \/>\t\t\t\t\t\t\t\t\t\t\t<\/div>\n\t\t\t\t<\/div>\n\t\t\t\t<\/div>\n\t\t\t\t\t\t<\/div>\n\t\t\t\t\t<\/div>\n\t\t<\/div>\n\t\t\t\t\t\t\t\t<\/div>\n\t\t\t\t\t<\/div>\n\t\t<\/section>\n\t\t\t\t\t\t<\/div>\n\t\t\t\t\t\t<\/div>\n\t\t\t\t\t<\/div>","protected":false},"excerpt":{"rendered":"<p>Getestete Qualit\u00e4t<\/p>","protected":false},"author":1,"featured_media":685,"parent":28,"menu_order":0,"comment_status":"closed","ping_status":"closed","template":"","meta":[],"_links":{"self":[{"href":"https:\/\/hightec.ch\/de\/wp-json\/wp\/v2\/pages\/252"}],"collection":[{"href":"https:\/\/hightec.ch\/de\/wp-json\/wp\/v2\/pages"}],"about":[{"href":"https:\/\/hightec.ch\/de\/wp-json\/wp\/v2\/types\/page"}],"author":[{"embeddable":true,"href":"https:\/\/hightec.ch\/de\/wp-json\/wp\/v2\/users\/1"}],"replies":[{"embeddable":true,"href":"https:\/\/hightec.ch\/de\/wp-json\/wp\/v2\/comments?post=252"}],"version-history":[{"count":11,"href":"https:\/\/hightec.ch\/de\/wp-json\/wp\/v2\/pages\/252\/revisions"}],"predecessor-version":[{"id":1013,"href":"https:\/\/hightec.ch\/de\/wp-json\/wp\/v2\/pages\/252\/revisions\/1013"}],"up":[{"embeddable":true,"href":"https:\/\/hightec.ch\/de\/wp-json\/wp\/v2\/pages\/28"}],"wp:featuredmedia":[{"embeddable":true,"href":"https:\/\/hightec.ch\/de\/wp-json\/wp\/v2\/media\/685"}],"wp:attachment":[{"href":"https:\/\/hightec.ch\/de\/wp-json\/wp\/v2\/media?parent=252"}],"curies":[{"name":"wp","href":"https:\/\/api.w.org\/{rel}","templated":true}]}}